{"id":205,"date":"2024-06-18T10:48:12","date_gmt":"2024-06-18T08:48:12","guid":{"rendered":"https:\/\/minirailnantais.fr\/?page_id=205"},"modified":"2024-10-30T12:02:35","modified_gmt":"2024-10-30T11:02:35","slug":"mentions-legales","status":"publish","type":"page","link":"https:\/\/minirailnantais.fr\/index.php\/mentions-legales\/","title":{"rendered":"Mentions l\u00e9gales"},"content":{"rendered":"\n<p>L&rsquo;acc\u00e8s et l&rsquo;utilisation de notre site Internet sont soumis aux contions ci-dessous et aux dispositions l\u00e9gales en vigueur.<\/p>\n\n\n\n<h2 class=\"wp-block-heading\">Qui sommes-nous&nbsp;?<\/h2>\n\n\n\n<p>Le pr\u00e9sent site est la propri\u00e9t\u00e9 du club de mod\u00e9lisme Le Minirail Nantais.<br>MRN<br>20 rue Saint-M\u00e9dard<br>44300 NANTES<\/p>\n\n\n\n<p>L\u2019adresse de notre site est\u00a0: https:\/\/minirailnantais.fr.<\/p>\n\n\n\n<h2 class=\"wp-block-heading\">Responsabilit\u00e9 \u00e9ditoriale<\/h2>\n\n\n\n<p>Le directeur de la publication du pr\u00e9sent site est Monsieur Erwann STERVINOU en sa qualit\u00e9 de pr\u00e9sident de l&rsquo;association.<\/p>\n\n\n\n<h2 class=\"wp-block-heading\">H\u00e9bergement : <a href=\"https:\/\/www.ovhcloud.com\/fr\/\">OVH<\/a><\/h2>\n\n\n\n<h2 class=\"wp-block-heading\">OVH<\/h2>\n\n\n\n<p>OVH<br>2 rue Kellermann &#8211; 59100 Roubaix &#8211; France<br>T\u00e9l\u00e9phone : 09 72 10 10 07<\/p>\n\n\n\n<h2 class=\"wp-block-heading\">Propri\u00e9t\u00e9 intellectuelle<\/h2>\n\n\n\n<p>L\u2019ensemble de ce site rel\u00e8ve de la l\u00e9gislation fran\u00e7aise et internationale sur le droit d\u2019auteur et la propri\u00e9t\u00e9 intellectuelle. Tous les droits de reproduction sont r\u00e9serv\u00e9s, y compris pour les documents t\u00e9l\u00e9chargeables et les repr\u00e9sentations iconographiques et photographiques. Le contenu du site est, sauf mention contraire, la propri\u00e9t\u00e9 du MiniRail Nantais. En cons\u00e9quence et sauf mention contraire, toute utilisation des contenus du site ne peut \u00eatre faite que moyennant l\u2019autorisation \u00e9crite du MiniRail Nantais&nbsp;dont celui-ci reste seul juge. Toute reproduction ou repr\u00e9sentation m\u00eame partielle par quelque proc\u00e9d\u00e9 que ce soit, r\u00e9alis\u00e9e sans le consentement \u00e9crit du MiniRail Nantais&nbsp;est interdite et illicite. Le non-respect de cette interdiction constitue une contrefa\u00e7on pouvant engager la responsabilit\u00e9 civile et p\u00e9nale du contrefacteur.<\/p>\n\n\n\n<h2 class=\"wp-block-heading\">Commission Nationale Informatique et Libert\u00e9<\/h2>\n\n\n\n<p>Conform\u00e9ment \u00e0 la d\u00e9lib\u00e9ration de la C.N.I.L. n\u00b02006-138 du 9 mai 2006 d\u00e9cidant de la dispense de d\u00e9claration des traitements constitu\u00e9s \u00e0 des fins d\u2019information ou de communication externe, ce site est dispens\u00e9 de d\u00e9claration aupr\u00e8s de la C.N.I.L.<\/p>\n","protected":false},"excerpt":{"rendered":"<p>L&rsquo;acc\u00e8s et l&rsquo;utilisation de notre site Internet sont soumis aux contions ci-dessous et aux dispositions l\u00e9gales en vigueur. Qui sommes-nous&nbsp;? Le pr\u00e9sent site est la propri\u00e9t\u00e9 du club de mod\u00e9lisme Le Minirail Nantais.MRN20 rue Saint-M\u00e9dard44300 NANTES L\u2019adresse de notre site est\u00a0: https:\/\/minirailnantais.fr. Responsabilit\u00e9 \u00e9ditoriale Le directeur de la publication du pr\u00e9sent site est Monsieur Erwann &hellip; <\/p>\n<p class=\"link-more\"><a href=\"https:\/\/minirailnantais.fr\/index.php\/mentions-legales\/\" class=\"more-link\">Continuer la lecture<span class=\"screen-reader-text\"> de &laquo;&nbsp;Mentions l\u00e9gales&nbsp;&raquo;<\/span><\/a><\/p>\n","protected":false},"author":3,"featured_media":0,"parent":0,"menu_order":0,"comment_status":"closed","ping_status":"closed","template":"","meta":{"footnotes":""},"class_list":["post-205","page","type-page","status-publish","hentry"],"rttpg_featured_image_url":null,"rttpg_author":{"display_name":"Jean-Raymond GUILLAUME","author_link":"https:\/\/minirailnantais.fr\/index.php\/author\/superviseur\/"},"rttpg_comment":0,"rttpg_category":null,"rttpg_excerpt":"L&rsquo;acc\u00e8s et l&rsquo;utilisation de notre site Internet sont soumis aux contions ci-dessous et aux dispositions l\u00e9gales en vigueur. Qui sommes-nous&nbsp;? Le pr\u00e9sent site est la propri\u00e9t\u00e9 du club de mod\u00e9lisme Le Minirail Nantais.MRN20 rue Saint-M\u00e9dard44300 NANTES L\u2019adresse de notre site est\u00a0: https:\/\/minirailnantais.fr. Responsabilit\u00e9 \u00e9ditoriale Le directeur de la publication du pr\u00e9sent site est Monsieur Erwann\u2026","_links":{"self":[{"href":"https:\/\/minirailnantais.fr\/index.php\/wp-json\/wp\/v2\/pages\/205","targetHints":{"allow":["GET"]}}],"collection":[{"href":"https:\/\/minirailnantais.fr\/index.php\/wp-json\/wp\/v2\/pages"}],"about":[{"href":"https:\/\/minirailnantais.fr\/index.php\/wp-json\/wp\/v2\/types\/page"}],"author":[{"embeddable":true,"href":"https:\/\/minirailnantais.fr\/index.php\/wp-json\/wp\/v2\/users\/3"}],"replies":[{"embeddable":true,"href":"https:\/\/minirailnantais.fr\/index.php\/wp-json\/wp\/v2\/comments?post=205"}],"version-history":[{"count":8,"href":"https:\/\/minirailnantais.fr\/index.php\/wp-json\/wp\/v2\/pages\/205\/revisions"}],"predecessor-version":[{"id":806,"href":"https:\/\/minirailnantais.fr\/index.php\/wp-json\/wp\/v2\/pages\/205\/revisions\/806"}],"wp:attachment":[{"href":"https:\/\/minirailnantais.fr\/index.php\/wp-json\/wp\/v2\/media?parent=205"}],"curies":[{"name":"wp","href":"https:\/\/api.w.org\/{rel}","templated":true}]}}