{"id":22,"date":"2024-06-17T10:54:09","date_gmt":"2024-06-17T08:54:09","guid":{"rendered":"http:\/\/minirailnantais.fr\/?page_id=22"},"modified":"2024-06-29T19:57:35","modified_gmt":"2024-06-29T17:57:35","slug":"revue-de-presse","status":"publish","type":"page","link":"https:\/\/minirailnantais.fr\/index.php\/revue-de-presse\/","title":{"rendered":"Revue de presse"},"content":{"rendered":"\n<p>2011 : Presse Oc\u00e9an<\/p>\n\n\n\n<figure class=\"wp-block-image size-large\"><img decoding=\"async\" src=\"https:\/\/minirailnantais.wordpress.com\/wp-content\/uploads\/2024\/06\/po.jpg?w=946\" alt=\"\" class=\"wp-image-62\"\/><\/figure>\n\n\n\n<p>2009 : Revue Le Train<\/p>\n\n\n\n<figure class=\"wp-block-image size-large\"><img decoding=\"async\" src=\"https:\/\/minirailnantais.wordpress.com\/wp-content\/uploads\/2024\/06\/le-train-12-2009.jpg?w=559\" alt=\"\" class=\"wp-image-60\"\/><\/figure>\n\n\n\n<p>2008 : Exposition du r\u00e9seau Gare de Chantenay \u00e0 La Gaubreti\u00e8re<\/p>\n\n\n\n<figure class=\"wp-block-image size-large\"><img decoding=\"async\" src=\"https:\/\/minirailnantais.wordpress.com\/wp-content\/uploads\/2024\/06\/expo-la-gaubretiere-2008.jpg?w=1024\" alt=\"\" class=\"wp-image-57\"\/><\/figure>\n\n\n\n<p>Plaque Tournante <\/p>\n\n\n\n<figure class=\"wp-block-image size-large\"><img decoding=\"async\" src=\"https:\/\/minirailnantais.wordpress.com\/wp-content\/uploads\/2024\/06\/pt96.jpg?w=607\" alt=\"\" class=\"wp-image-58\"\/><\/figure>\n","protected":false},"excerpt":{"rendered":"<p>2011 : Presse Oc\u00e9an 2009 : Revue Le Train 2008 : Exposition du r\u00e9seau Gare de Chantenay \u00e0 La Gaubreti\u00e8re Plaque Tournante<\/p>\n","protected":false},"author":3,"featured_media":0,"parent":0,"menu_order":0,"comment_status":"closed","ping_status":"closed","template":"","meta":{"footnotes":""},"class_list":["post-22","page","type-page","status-publish","hentry"],"rttpg_featured_image_url":null,"rttpg_author":{"display_name":"Jean-Raymond GUILLAUME","author_link":"https:\/\/minirailnantais.fr\/index.php\/author\/superviseur\/"},"rttpg_comment":0,"rttpg_category":null,"rttpg_excerpt":"2011 : Presse Oc\u00e9an 2009 : Revue Le Train 2008 : Exposition du r\u00e9seau Gare de Chantenay \u00e0 La Gaubreti\u00e8re Plaque Tournante","_links":{"self":[{"href":"https:\/\/minirailnantais.fr\/index.php\/wp-json\/wp\/v2\/pages\/22","targetHints":{"allow":["GET"]}}],"collection":[{"href":"https:\/\/minirailnantais.fr\/index.php\/wp-json\/wp\/v2\/pages"}],"about":[{"href":"https:\/\/minirailnantais.fr\/index.php\/wp-json\/wp\/v2\/types\/page"}],"author":[{"embeddable":true,"href":"https:\/\/minirailnantais.fr\/index.php\/wp-json\/wp\/v2\/users\/3"}],"replies":[{"embeddable":true,"href":"https:\/\/minirailnantais.fr\/index.php\/wp-json\/wp\/v2\/comments?post=22"}],"version-history":[{"count":4,"href":"https:\/\/minirailnantais.fr\/index.php\/wp-json\/wp\/v2\/pages\/22\/revisions"}],"predecessor-version":[{"id":558,"href":"https:\/\/minirailnantais.fr\/index.php\/wp-json\/wp\/v2\/pages\/22\/revisions\/558"}],"wp:attachment":[{"href":"https:\/\/minirailnantais.fr\/index.php\/wp-json\/wp\/v2\/media?parent=22"}],"curies":[{"name":"wp","href":"https:\/\/api.w.org\/{rel}","templated":true}]}}