{"id":23,"date":"2024-06-17T10:54:55","date_gmt":"2024-06-17T08:54:55","guid":{"rendered":"http:\/\/minirailnantais.fr\/?page_id=23"},"modified":"2024-09-16T02:00:32","modified_gmt":"2024-09-16T00:00:32","slug":"les-reseaux-en-exploitation","status":"publish","type":"page","link":"https:\/\/minirailnantais.fr\/index.php\/les-reseaux-en-exploitation\/","title":{"rendered":"Les r\u00e9seaux en exploitation"},"content":{"rendered":"\n<p id=\"block-bb960501-3cf9-4ba5-9e9a-979a79d6ab25\">Plusieurs r\u00e9seaux analogique et digital sont termin\u00e9s et ont particip\u00e9 \u00e0 diverses expositions.<br>Les membres du club le souhaitant peuvent aussi venir faire circuler leur mat\u00e9riel moteur et leurs convois.<\/p>\n\n\n\n<p><a href=\"https:\/\/minirailnantais.fr\/index.php\/chantenay\/\" data-type=\"page\" data-id=\"411\">Chantenay<\/a><\/p>\n\n\n\n<p><a href=\"https:\/\/minirailnantais.fr\/index.php\/la-petite-ceinture\/\" data-type=\"page\" data-id=\"622\">La petite ceinture<\/a><\/p>\n","protected":false},"excerpt":{"rendered":"<p>Plusieurs r\u00e9seaux analogique et digital sont termin\u00e9s et ont particip\u00e9 \u00e0 diverses expositions.Les membres du club le souhaitant peuvent aussi venir faire circuler leur mat\u00e9riel moteur et leurs convois. Chantenay La petite ceinture<\/p>\n","protected":false},"author":3,"featured_media":0,"parent":0,"menu_order":0,"comment_status":"closed","ping_status":"closed","template":"","meta":{"footnotes":""},"class_list":["post-23","page","type-page","status-publish","hentry"],"rttpg_featured_image_url":null,"rttpg_author":{"display_name":"Jean-Raymond GUILLAUME","author_link":"https:\/\/minirailnantais.fr\/index.php\/author\/superviseur\/"},"rttpg_comment":0,"rttpg_category":null,"rttpg_excerpt":"Plusieurs r\u00e9seaux analogique et digital sont termin\u00e9s et ont particip\u00e9 \u00e0 diverses expositions.Les membres du club le souhaitant peuvent aussi venir faire circuler leur mat\u00e9riel moteur et leurs convois. Chantenay La petite ceinture","_links":{"self":[{"href":"https:\/\/minirailnantais.fr\/index.php\/wp-json\/wp\/v2\/pages\/23","targetHints":{"allow":["GET"]}}],"collection":[{"href":"https:\/\/minirailnantais.fr\/index.php\/wp-json\/wp\/v2\/pages"}],"about":[{"href":"https:\/\/minirailnantais.fr\/index.php\/wp-json\/wp\/v2\/types\/page"}],"author":[{"embeddable":true,"href":"https:\/\/minirailnantais.fr\/index.php\/wp-json\/wp\/v2\/users\/3"}],"replies":[{"embeddable":true,"href":"https:\/\/minirailnantais.fr\/index.php\/wp-json\/wp\/v2\/comments?post=23"}],"version-history":[{"count":13,"href":"https:\/\/minirailnantais.fr\/index.php\/wp-json\/wp\/v2\/pages\/23\/revisions"}],"predecessor-version":[{"id":704,"href":"https:\/\/minirailnantais.fr\/index.php\/wp-json\/wp\/v2\/pages\/23\/revisions\/704"}],"wp:attachment":[{"href":"https:\/\/minirailnantais.fr\/index.php\/wp-json\/wp\/v2\/media?parent=23"}],"curies":[{"name":"wp","href":"https:\/\/api.w.org\/{rel}","templated":true}]}}