{"id":27,"date":"2024-06-17T10:56:21","date_gmt":"2024-06-17T08:56:21","guid":{"rendered":"http:\/\/minirailnantais.fr\/?page_id=27"},"modified":"2024-09-16T02:17:43","modified_gmt":"2024-09-16T00:17:43","slug":"le-depot","status":"publish","type":"page","link":"https:\/\/minirailnantais.fr\/index.php\/le-depot\/","title":{"rendered":"Le d\u00e9p\u00f4t"},"content":{"rendered":"\n<p><br>La construction du d\u00e9p\u00f4t&nbsp;vapeur d&rsquo;inspiration Ouest a d\u00e9but\u00e9 fin des ann\u00e9es 90, et a \u00e9t\u00e9 l&rsquo;objet de plusieurs r\u00e9novation, la premi\u00e8re \u00e9tant le passage \u00e0 l&rsquo;aire num\u00e9rique. Totalement ind\u00e9pendant, il pourrait cependant \u00eatre reli\u00e9 \u00e0 un r\u00e9seau par une double voie ou par une voie unique.<\/p>\n\n\n\n<p>La premi\u00e8re r\u00e9alisation a \u00e9t\u00e9 men\u00e9e \u00e0 terme dans les locaux du club, dans la gare de Chantenay.<br><br>Nous avons souhait\u00e9 le digitaliser afin de pouvoir exploiter totalement l\u2019int\u00e9r\u00eat du DCC : la man\u0153uvre de chaque locomotive sans \u00e0 avoir \u00e0 se soucier des coupures de voies.<br><br>En grande partie fait avec les b\u00e2timents de construction int\u00e9grale, nous devons la rotonde \u00e0 Denis, le toboggan \u00e0 Jean Claude, la remise 3 voies \u00e0 K\u00e9vin, le portique \u00e0 rail \u00e0 Laurent et la \u00ab\u00a0francisation\u00a0\u00bb du pont tournant par Jean Claude.<br><br>La quasi totalit\u00e9 des membres actifs du club ont travaill\u00e9 sur cette modernisation. Un grand merci \u00e0 eux.<br><br>Par la suite, Philippe, aid\u00e9 ponctuellement par d&rsquo;autres membres, a pris la rel\u00e8ve, modifiant dans un premier temps le d\u00e9p\u00f4t de carburant, rempla\u00e7ant l&rsquo;une des remises \u00e0 autorail et ajoutant divers \u00e9l\u00e9ments contribuant \u00e0 l\u2019atmosph\u00e8re de ce r\u00e9seau.<\/p>\n\n\n\n<p>Actuellement, en compagnie d&rsquo;Erwann une extension avec un pont transbordeur est en cours de r\u00e9alisation.<br><br><a href=\"https:\/\/minirailnantais.fr\/index.php\/2005\/10\/22\/le-premier-module\/\">A vous de juger !<\/a><\/p>\n\n\n\n<figure class=\"wp-block-image size-full\"><img loading=\"lazy\" decoding=\"async\" width=\"800\" height=\"600\" src=\"https:\/\/minirailnantais.fr\/wp-content\/uploads\/2024\/09\/Vue-du-depot.jpg\" alt=\"\" class=\"wp-image-707\" srcset=\"https:\/\/minirailnantais.fr\/wp-content\/uploads\/2024\/09\/Vue-du-depot.jpg 800w, https:\/\/minirailnantais.fr\/wp-content\/uploads\/2024\/09\/Vue-du-depot-300x225.jpg 300w, https:\/\/minirailnantais.fr\/wp-content\/uploads\/2024\/09\/Vue-du-depot-768x576.jpg 768w\" sizes=\"auto, (max-width: 706px) 89vw, (max-width: 767px) 82vw, 740px\" \/><\/figure>\n\n\n<style type='text\/css' media='all'>#rt-tpg-container-940971322 .rt-holder .rt-woo-info .price{color:#0367bf;}body .rt-tpg-container .rt-tpg-isotope-buttons .selected,\n\t\t\t\t\t#rt-tpg-container-940971322 .layout12 .rt-holder:hover .rt-detail,\n\t\t\t\t\t#rt-tpg-container-940971322 .isotope8 .rt-holder:hover .rt-detail,\n\t\t\t\t\t#rt-tpg-container-940971322 .carousel8 .rt-holder:hover .rt-detail,\n\t\t\t\t\t#rt-tpg-container-940971322 .layout13 .rt-holder .overlay .post-info,\n\t\t\t\t\t#rt-tpg-container-940971322 .isotope9 .rt-holder .overlay .post-info,\n\t\t\t\t\t#rt-tpg-container-940971322.rt-tpg-container .layout4 .rt-holder .rt-detail,\n\t\t\t\t\t.rt-modal-940971322 .md-content,\n\t\t\t\t\t.rt-modal-940971322 .md-content > .rt-md-content-holder .rt-md-content,\n\t\t\t\t\t.rt-popup-wrap-940971322.rt-popup-wrap .rt-popup-navigation-wrap,\n\t\t\t\t\t#rt-tpg-container-940971322 .carousel9 .rt-holder .overlay .post-info{background-color:#0367bf;}#rt-tpg-container-940971322 .layout5 .rt-holder .overlay, #rt-tpg-container-940971322 .isotope2 .rt-holder .overlay, #rt-tpg-container-940971322 .carousel2 .rt-holder .overlay,#rt-tpg-container-940971322 .layout15 .rt-holder h3, #rt-tpg-container-940971322 .isotope11 .rt-holder h3, #rt-tpg-container-940971322 .carousel11 .rt-holder h3, #rt-tpg-container-940971322 .layout16 .rt-holder h3,\n\t\t\t\t\t#rt-tpg-container-940971322 .isotope12 .rt-holder h3, #rt-tpg-container-940971322 .carousel12 .rt-holder h3 {background-color:rgba(3,103,191,0.8);}#rt-tpg-container-940971322 .read-more a{border-radius:px;}#rt-tpg-container-940971322 .rt-img-holder img.rt-img-responsive,#rt-tpg-container-940971322 .rt-img-holder,\n\t\t\t\t\t#rt-tpg-container-940971322 .rt-post-overlay .post-img,\n\t\t\t\t\t#rt-tpg-container-940971322 .post-sm .post-img,\n\t\t\t\t\t#rt-tpg-container-940971322 .rt-post-grid .post-img,\n\t\t\t\t\t#rt-tpg-container-940971322 .post-img img {border-radius:px;}#rt-tpg-container-940971322 .layout1 .rt-holder h2.entry-title,\n\t\t\t\t\t#rt-tpg-container-940971322 .layout1 .rt-holder h3.entry-title,\n\t\t\t\t\t#rt-tpg-container-940971322 .layout1 .rt-holder h4.entry-title,\n\t\t\t\t\t#rt-tpg-container-940971322 .layout1 .rt-holder h2.entry-title a,\n\t\t\t\t\t#rt-tpg-container-940971322 .layout1 .rt-holder h3.entry-title a,\n\t\t\t\t\t#rt-tpg-container-940971322 .layout1 .rt-holder h4.entry-title a,\n\t\t\t\t\t#rt-tpg-container-940971322 .rt-holder .rt-woo-info h2 a,\n\t\t\t\t\t#rt-tpg-container-940971322 .rt-holder .rt-woo-info h3 a,\n\t\t\t\t\t#rt-tpg-container-940971322 .rt-holder .rt-woo-info h4 a,\n\t\t\t\t\t#rt-tpg-container-940971322 .post-content .post-title,\n\t\t\t\t\t#rt-tpg-container-940971322 .rt-post-grid .post-title,\n\t\t\t\t\t#rt-tpg-container-940971322 .rt-post-grid .post-title a,\n\t\t\t\t\t#rt-tpg-container-940971322 .post-content .post-title a,\n\t\t\t\t\t#rt-tpg-container-940971322 .rt-holder .rt-woo-info h2,\n\t\t\t\t\t#rt-tpg-container-940971322 .rt-holder .rt-woo-info h3,\n\t\t\t\t\t#rt-tpg-container-940971322 .rt-holder .rt-woo-info h4{font-size:15px;line-height:25px;}#rt-tpg-container-940971322 .post-grid-lg-style-1 .post-title,\n\t\t\t\t\t\t#rt-tpg-container-940971322 .post-grid-lg-style-1 .post-title a,\n\t\t\t\t\t\t#rt-tpg-container-940971322 .big-layout .post-title,\n\t\t\t\t\t\t#rt-tpg-container-940971322 .big-layout .post-title a,\n\t\t\t\t\t\t#rt-tpg-container-940971322 .post-grid-lg-style-1 .post-title,\n\t\t\t\t\t\t#rt-tpg-container-940971322 .post-grid-lg-style-1 .post-title a {font-size:23px;line-height:33px;}<\/style><div class='rt-container-fluid rt-tpg-container tpg-shortcode-main-wrapper ' id='rt-tpg-container-940971322'   data-layout='layout1' data-grid-style='even' data-desktop-col='2'  data-tab-col='2'  data-mobile-col='1' data-sc-id='470'><div class=\"tpg-widget-heading-wrapper heading-style1 \"><span class=\"tpg-widget-heading-line line-left\"><\/span><h2 class=\"tpg-widget-heading\">D\u00e9p\u00f4t (\u00c9chelle HO &#8211; 1\/87)<\/h2><span class=\"tpg-widget-heading-line\"><\/span><\/div><div data-title='Loading ...' class='rt-row rt-content-loader   layout1 tpg-even '><div class=\"rt-col-md-6 rt-col-sm-6 rt-col-xs-12 even-grid-item rt-grid-item\" data-id=\"181\"><div class=\"rt-holder\"><div class='rt-detail'><h3 class=\"entry-title\"><a data-id=\"181\" class=\"\" href=\"https:\/\/minirailnantais.fr\/index.php\/2011\/12\/17\/premiers-decors\/\">Le d\u00e9p\u00f4t : Premiers d\u00e9cors<\/a><\/h3><div class='post-meta-user  '><span class='date'><i class='far fa-calendar-alt '><\/i>17 d\u00e9cembre 2011<\/span><span class='categories-links'><i class='fas fa-folder-open '><\/i><a class=\"depot\" href=\"https:\/\/minirailnantais.fr\/index.php\/category\/depot\/\" rel=\"tag\">D\u00e9p\u00f4t<\/a><\/span><\/div><div class='tpg-excerpt'>Il est temps de passer aux d\u00e9cors : mise en place des reliefs, des b\u00e2timents...<\/div><div class='post-meta '><span class='read-more'><a data-id='181' class='' href='https:\/\/minirailnantais.fr\/index.php\/2011\/12\/17\/premiers-decors\/'>Lire la suite<\/a><\/span><\/div><\/div><\/div><\/div><div class=\"rt-col-md-6 rt-col-sm-6 rt-col-xs-12 even-grid-item rt-grid-item\" data-id=\"33\"><div class=\"rt-holder\"><div class='rt-detail'><h3 class=\"entry-title\"><a data-id=\"33\" class=\"\" href=\"https:\/\/minirailnantais.fr\/index.php\/2006\/03\/02\/le-depot-en-construction-pose-des-voies\/\">Le d\u00e9p\u00f4t : Pose des voies<\/a><\/h3><div class='post-meta-user  '><span class='date'><i class='far fa-calendar-alt '><\/i>2 mars 2006<\/span><span class='categories-links'><i class='fas fa-folder-open '><\/i><a class=\"depot\" href=\"https:\/\/minirailnantais.fr\/index.php\/category\/depot\/\" rel=\"tag\">D\u00e9p\u00f4t<\/a><\/span><\/div><div class='tpg-excerpt'>Pose des voies sur les trois derniers modules cr\u00e9\u00e9s initialement. Second module : Troisi\u00e8me module...<\/div><div class='post-meta '><span class='read-more'><a data-id='33' class='' href='https:\/\/minirailnantais.fr\/index.php\/2006\/03\/02\/le-depot-en-construction-pose-des-voies\/'>Lire la suite<\/a><\/span><\/div><\/div><\/div><\/div><div class=\"rt-col-md-6 rt-col-sm-6 rt-col-xs-12 even-grid-item rt-grid-item\" data-id=\"31\"><div class=\"rt-holder\"><div class='rt-detail'><h3 class=\"entry-title\"><a data-id=\"31\" class=\"\" href=\"https:\/\/minirailnantais.fr\/index.php\/2011\/02\/17\/le-depot-en-construction-le-support-des-sols\/\">Le d\u00e9p\u00f4t : Le support des sols<\/a><\/h3><div class='post-meta-user  '><span class='date'><i class='far fa-calendar-alt '><\/i>17 f\u00e9vrier 2011<\/span><span class='categories-links'><i class='fas fa-folder-open '><\/i><a class=\"depot\" href=\"https:\/\/minirailnantais.fr\/index.php\/category\/depot\/\" rel=\"tag\">D\u00e9p\u00f4t<\/a><\/span><\/div><div class='tpg-excerpt'>Module 2 : Module 3 : Module 4 :...<\/div><div class='post-meta '><span class='read-more'><a data-id='31' class='' href='https:\/\/minirailnantais.fr\/index.php\/2011\/02\/17\/le-depot-en-construction-le-support-des-sols\/'>Lire la suite<\/a><\/span><\/div><\/div><\/div><\/div><div class=\"rt-col-md-6 rt-col-sm-6 rt-col-xs-12 even-grid-item rt-grid-item\" data-id=\"35\"><div class=\"rt-holder\"><div class='rt-detail'><h3 class=\"entry-title\"><a data-id=\"35\" class=\"\" href=\"https:\/\/minirailnantais.fr\/index.php\/2005\/10\/22\/le-premier-module\/\">Le d\u00e9p\u00f4t : Le premier module<\/a><\/h3><div class='post-meta-user  '><span class='date'><i class='far fa-calendar-alt '><\/i>22 octobre 2005<\/span><span class='categories-links'><i class='fas fa-folder-open '><\/i><a class=\"depot\" href=\"https:\/\/minirailnantais.fr\/index.php\/category\/depot\/\" rel=\"tag\">D\u00e9p\u00f4t<\/a><\/span><\/div><div class='tpg-excerpt'>Sur ce premier module on trouve le pont tournant, la rotonde et la remise accol\u00e9e...<\/div><div class='post-meta '><span class='read-more'><a data-id='35' class='' href='https:\/\/minirailnantais.fr\/index.php\/2005\/10\/22\/le-premier-module\/'>Lire la suite<\/a><\/span><\/div><\/div><\/div><\/div><div class=\"rt-col-md-6 rt-col-sm-6 rt-col-xs-12 even-grid-item rt-grid-item\" data-id=\"556\"><div class=\"rt-holder\"><div class='rt-detail'><h3 class=\"entry-title\"><a data-id=\"556\" class=\"\" href=\"https:\/\/minirailnantais.fr\/index.php\/2005\/11\/12\/lalimentation-electrique\/\">Le d\u00e9p\u00f4t : l&rsquo;alimentation \u00e9lectrique<\/a><\/h3><div class='post-meta-user  '><span class='date'><i class='far fa-calendar-alt '><\/i>12 novembre 2005<\/span><span class='categories-links'><i class='fas fa-folder-open '><\/i><a class=\"depot\" href=\"https:\/\/minirailnantais.fr\/index.php\/category\/depot\/\" rel=\"tag\">D\u00e9p\u00f4t<\/a><\/span><\/div><div class='tpg-excerpt'>C&rsquo;est la parie invisible du travail : tout se passant sous les modules, il faut...<\/div><div class='post-meta '><span class='read-more'><a data-id='556' class='' href='https:\/\/minirailnantais.fr\/index.php\/2005\/11\/12\/lalimentation-electrique\/'>Lire la suite<\/a><\/span><\/div><\/div><\/div><\/div><\/div><\/div>\n","protected":false},"excerpt":{"rendered":"<p>La construction du d\u00e9p\u00f4t&nbsp;vapeur d&rsquo;inspiration Ouest a d\u00e9but\u00e9 fin des ann\u00e9es 90, et a \u00e9t\u00e9 l&rsquo;objet de plusieurs r\u00e9novation, la premi\u00e8re \u00e9tant le passage \u00e0 l&rsquo;aire num\u00e9rique. Totalement ind\u00e9pendant, il pourrait cependant \u00eatre reli\u00e9 \u00e0 un r\u00e9seau par une double voie ou par une voie unique. La premi\u00e8re r\u00e9alisation a \u00e9t\u00e9 men\u00e9e \u00e0 terme dans &hellip; <\/p>\n<p class=\"link-more\"><a href=\"https:\/\/minirailnantais.fr\/index.php\/2005\/11\/12\/lalimentation-electrique\/\" class=\"more-link\">Continuer la lecture<span class=\"screen-reader-text\"> de &laquo;&nbsp;Le d\u00e9p\u00f4t : l&rsquo;alimentation \u00e9lectrique&nbsp;&raquo;<\/span><\/a><\/p>\n","protected":false},"author":2,"featured_media":0,"parent":0,"menu_order":0,"comment_status":"closed","ping_status":"closed","template":"","meta":{"footnotes":""},"class_list":["post-27","page","type-page","status-publish","hentry"],"rttpg_featured_image_url":null,"rttpg_author":{"display_name":"Pascal MARQUET","author_link":"https:\/\/minirailnantais.fr\/index.php\/author\/pascal-marquet\/"},"rttpg_comment":0,"rttpg_category":"","rttpg_excerpt":"La construction du d\u00e9p\u00f4t&nbsp;vapeur d&rsquo;inspiration Ouest a d\u00e9but\u00e9 fin des ann\u00e9es 90, et a \u00e9t\u00e9 l&rsquo;objet de plusieurs r\u00e9novation, la premi\u00e8re \u00e9tant le passage \u00e0 l&rsquo;aire num\u00e9rique. Totalement ind\u00e9pendant, il pourrait cependant \u00eatre reli\u00e9 \u00e0 un r\u00e9seau par une double voie ou par une voie unique. La premi\u00e8re r\u00e9alisation a \u00e9t\u00e9 men\u00e9e \u00e0 terme dans\u2026","_links":{"self":[{"href":"https:\/\/minirailnantais.fr\/index.php\/wp-json\/wp\/v2\/pages\/27","targetHints":{"allow":["GET"]}}],"collection":[{"href":"https:\/\/minirailnantais.fr\/index.php\/wp-json\/wp\/v2\/pages"}],"about":[{"href":"https:\/\/minirailnantais.fr\/index.php\/wp-json\/wp\/v2\/types\/page"}],"author":[{"embeddable":true,"href":"https:\/\/minirailnantais.fr\/index.php\/wp-json\/wp\/v2\/users\/2"}],"replies":[{"embeddable":true,"href":"https:\/\/minirailnantais.fr\/index.php\/wp-json\/wp\/v2\/comments?post=27"}],"version-history":[{"count":10,"href":"https:\/\/minirailnantais.fr\/index.php\/wp-json\/wp\/v2\/pages\/27\/revisions"}],"predecessor-version":[{"id":708,"href":"https:\/\/minirailnantais.fr\/index.php\/wp-json\/wp\/v2\/pages\/27\/revisions\/708"}],"wp:attachment":[{"href":"https:\/\/minirailnantais.fr\/index.php\/wp-json\/wp\/v2\/media?parent=27"}],"curies":[{"name":"wp","href":"https:\/\/api.w.org\/{rel}","templated":true}]}}