{"id":28,"date":"2024-06-17T10:56:11","date_gmt":"2024-06-17T08:56:11","guid":{"rendered":"http:\/\/minirailnantais.fr\/?page_id=28"},"modified":"2024-09-16T02:08:45","modified_gmt":"2024-09-16T00:08:45","slug":"les-reseaux-en-travaux","status":"publish","type":"page","link":"https:\/\/minirailnantais.fr\/index.php\/les-reseaux-en-travaux\/","title":{"rendered":"Les r\u00e9seaux en travaux"},"content":{"rendered":"\n<p id=\"block-d20c81b0-c520-425e-9ce0-43d450e633d0\">Plusieurs projets sont en cours de r\u00e9alisation au sein des locaux du club.<\/p>\n\n\n\n<p id=\"block-5e3fc53e-8d4c-4d3d-8d68-7a244249345d\"><a href=\"https:\/\/minirailnantais.fr\/index.php\/le-depot\/\" data-type=\"page\" data-id=\"27\">Le d\u00e9p\u00f4t <\/a>(\u00c9chelle Ho -1\/87)<\/p>\n\n\n\n<p><a href=\"https:\/\/minirailnantais.fr\/index.php\/sainte-pazanne\/\" data-type=\"page\" data-id=\"80\">Sainte Pazanne (\u00c9chelle N -1\/160)<\/a><\/p>\n\n\n\n<p id=\"block-0997c911-7ec1-4dfa-ba63-f3f8eeb0bbd2\">Le grand r\u00e9seau (\u00c9chelle Ho -1\/87)<\/p>\n","protected":false},"excerpt":{"rendered":"<p>Plusieurs projets sont en cours de r\u00e9alisation au sein des locaux du club. Le d\u00e9p\u00f4t (\u00c9chelle Ho -1\/87) Sainte Pazanne (\u00c9chelle N -1\/160) Le grand r\u00e9seau (\u00c9chelle Ho -1\/87)<\/p>\n","protected":false},"author":3,"featured_media":0,"parent":0,"menu_order":0,"comment_status":"closed","ping_status":"closed","template":"","meta":{"footnotes":""},"class_list":["post-28","page","type-page","status-publish","hentry"],"rttpg_featured_image_url":null,"rttpg_author":{"display_name":"Jean-Raymond GUILLAUME","author_link":"https:\/\/minirailnantais.fr\/index.php\/author\/superviseur\/"},"rttpg_comment":0,"rttpg_category":null,"rttpg_excerpt":"Plusieurs projets sont en cours de r\u00e9alisation au sein des locaux du club. Le d\u00e9p\u00f4t (\u00c9chelle Ho -1\/87) Sainte Pazanne (\u00c9chelle N -1\/160) Le grand r\u00e9seau (\u00c9chelle Ho -1\/87)","_links":{"self":[{"href":"https:\/\/minirailnantais.fr\/index.php\/wp-json\/wp\/v2\/pages\/28","targetHints":{"allow":["GET"]}}],"collection":[{"href":"https:\/\/minirailnantais.fr\/index.php\/wp-json\/wp\/v2\/pages"}],"about":[{"href":"https:\/\/minirailnantais.fr\/index.php\/wp-json\/wp\/v2\/types\/page"}],"author":[{"embeddable":true,"href":"https:\/\/minirailnantais.fr\/index.php\/wp-json\/wp\/v2\/users\/3"}],"replies":[{"embeddable":true,"href":"https:\/\/minirailnantais.fr\/index.php\/wp-json\/wp\/v2\/comments?post=28"}],"version-history":[{"count":14,"href":"https:\/\/minirailnantais.fr\/index.php\/wp-json\/wp\/v2\/pages\/28\/revisions"}],"predecessor-version":[{"id":706,"href":"https:\/\/minirailnantais.fr\/index.php\/wp-json\/wp\/v2\/pages\/28\/revisions\/706"}],"wp:attachment":[{"href":"https:\/\/minirailnantais.fr\/index.php\/wp-json\/wp\/v2\/media?parent=28"}],"curies":[{"name":"wp","href":"https:\/\/api.w.org\/{rel}","templated":true}]}}