{"id":617,"date":"2024-09-07T16:37:12","date_gmt":"2024-09-07T14:37:12","guid":{"rendered":"https:\/\/minirailnantais.fr\/?page_id=617"},"modified":"2024-09-19T01:54:03","modified_gmt":"2024-09-18T23:54:03","slug":"le-croisic","status":"publish","type":"page","link":"https:\/\/minirailnantais.fr\/index.php\/le-croisic\/","title":{"rendered":"Le Croisic"},"content":{"rendered":"\n<p>Ce r\u00e9seau repr\u00e9sente la gare du Croisic avec ses marais salants ainsi qu&rsquo;un embranchement sur un silo \u00e0 grain.<\/p>\n\n\n\n<p>Ces modules ont particip\u00e9 \u00e0 plusieurs expositions dont celle organis\u00e9e par le Mus\u00e9e d&rsquo;Arts de Nantes : <a href=\"https:\/\/minirailnantais.fr\/index.php\/les-expositions\/\" data-type=\"page\" data-id=\"191\">Les expositions<\/a> Le Voyage en train<\/p>\n\n\n<style type='text\/css' media='all'>#rt-tpg-container-3201822686 .rt-holder .rt-woo-info .price{color:#0367bf;}body .rt-tpg-container .rt-tpg-isotope-buttons .selected,\n\t\t\t\t\t#rt-tpg-container-3201822686 .layout12 .rt-holder:hover .rt-detail,\n\t\t\t\t\t#rt-tpg-container-3201822686 .isotope8 .rt-holder:hover .rt-detail,\n\t\t\t\t\t#rt-tpg-container-3201822686 .carousel8 .rt-holder:hover .rt-detail,\n\t\t\t\t\t#rt-tpg-container-3201822686 .layout13 .rt-holder .overlay .post-info,\n\t\t\t\t\t#rt-tpg-container-3201822686 .isotope9 .rt-holder .overlay .post-info,\n\t\t\t\t\t#rt-tpg-container-3201822686.rt-tpg-container .layout4 .rt-holder .rt-detail,\n\t\t\t\t\t.rt-modal-3201822686 .md-content,\n\t\t\t\t\t.rt-modal-3201822686 .md-content > .rt-md-content-holder .rt-md-content,\n\t\t\t\t\t.rt-popup-wrap-3201822686.rt-popup-wrap .rt-popup-navigation-wrap,\n\t\t\t\t\t#rt-tpg-container-3201822686 .carousel9 .rt-holder .overlay .post-info{background-color:#0367bf;}#rt-tpg-container-3201822686 .layout5 .rt-holder .overlay, #rt-tpg-container-3201822686 .isotope2 .rt-holder .overlay, #rt-tpg-container-3201822686 .carousel2 .rt-holder .overlay,#rt-tpg-container-3201822686 .layout15 .rt-holder h3, #rt-tpg-container-3201822686 .isotope11 .rt-holder h3, #rt-tpg-container-3201822686 .carousel11 .rt-holder h3, #rt-tpg-container-3201822686 .layout16 .rt-holder h3,\n\t\t\t\t\t#rt-tpg-container-3201822686 .isotope12 .rt-holder h3, #rt-tpg-container-3201822686 .carousel12 .rt-holder h3 {background-color:rgba(3,103,191,0.8);}#rt-tpg-container-3201822686 .read-more a{border-radius:px;}#rt-tpg-container-3201822686 .rt-img-holder img.rt-img-responsive,#rt-tpg-container-3201822686 .rt-img-holder,\n\t\t\t\t\t#rt-tpg-container-3201822686 .rt-post-overlay .post-img,\n\t\t\t\t\t#rt-tpg-container-3201822686 .post-sm .post-img,\n\t\t\t\t\t#rt-tpg-container-3201822686 .rt-post-grid .post-img,\n\t\t\t\t\t#rt-tpg-container-3201822686 .post-img img {border-radius:px;}<\/style><div class='rt-container-fluid rt-tpg-container tpg-shortcode-main-wrapper ' id='rt-tpg-container-3201822686'   data-layout='layout1' data-grid-style='even' data-desktop-col='2'  data-tab-col='2'  data-mobile-col='1' data-sc-id='718'><div class=\"tpg-widget-heading-wrapper heading-style1 \"><span class=\"tpg-widget-heading-line line-left\"><\/span><h2 class=\"tpg-widget-heading\">Le Croisic<\/h2><span class=\"tpg-widget-heading-line\"><\/span><\/div><div data-title='Loading ...' class='rt-row rt-content-loader   layout1 tpg-even '><div class=\"rt-col-md-6 rt-col-sm-6 rt-col-xs-12 even-grid-item rt-grid-item\" data-id=\"723\"><div class=\"rt-holder\"><div class='rt-detail'><h3 class=\"entry-title\"><a data-id=\"723\" class=\"\" href=\"https:\/\/minirailnantais.fr\/index.php\/2024\/09\/22\/les-journees-du-patrimoine\/\">Les Journ\u00e9es du Patrimoine<\/a><\/h3><div class='post-meta-user  '><span class='date'><i class='far fa-calendar-alt '><\/i>22 septembre 2024<\/span><span class='categories-links'><i class='fas fa-folder-open '><\/i><a class=\"le-voyage-en-train\" href=\"https:\/\/minirailnantais.fr\/index.php\/category\/le-voyage-en-train\/\" rel=\"tag\">Expositions<\/a><span class=\"rt-separator\">,<\/span><a class=\"le-croisic\" href=\"https:\/\/minirailnantais.fr\/index.php\/category\/reseau-en-exploitation\/le-croisic\/\" rel=\"tag\">Le Croisic<\/a><\/span><\/div><div class='tpg-excerpt'>Le week-end du 21 et 22 septembre, c&rsquo;\u00e9tait les journ\u00e9es du patrimoine. Le Minirail Nantais...<\/div><div class='post-meta '><span class='read-more'><a data-id='723' class='' href='https:\/\/minirailnantais.fr\/index.php\/2024\/09\/22\/les-journees-du-patrimoine\/'>Lire la suite<\/a><\/span><\/div><\/div><\/div><\/div><div class=\"rt-col-md-6 rt-col-sm-6 rt-col-xs-12 even-grid-item rt-grid-item\" data-id=\"713\"><div class=\"rt-holder\"><div class='rt-detail'><h3 class=\"entry-title\"><a data-id=\"713\" class=\"\" href=\"https:\/\/minirailnantais.fr\/index.php\/2024\/09\/12\/le-croisic\/\">Le Croisic<\/a><\/h3><div class='post-meta-user  '><span class='date'><i class='far fa-calendar-alt '><\/i>12 septembre 2024<\/span><span class='categories-links'><i class='fas fa-folder-open '><\/i><a class=\"le-croisic\" href=\"https:\/\/minirailnantais.fr\/index.php\/category\/reseau-en-exploitation\/le-croisic\/\" rel=\"tag\">Le Croisic<\/a><\/span><\/div><div class='tpg-excerpt'>La Gare du Croisic Les marais salants L&#8217;embranchement des silos...<\/div><div class='post-meta '><span class='read-more'><a data-id='713' class='' href='https:\/\/minirailnantais.fr\/index.php\/2024\/09\/12\/le-croisic\/'>Lire la suite<\/a><\/span><\/div><\/div><\/div><\/div><\/div><\/div>\n\n\n\n<p><\/p>\n","protected":false},"excerpt":{"rendered":"<p>Ce r\u00e9seau repr\u00e9sente la gare du Croisic avec ses marais salants ainsi qu&rsquo;un embranchement sur un silo \u00e0 grain. Ces modules ont particip\u00e9 \u00e0 plusieurs expositions dont celle organis\u00e9e par le Mus\u00e9e d&rsquo;Arts de Nantes : Les expositions Le Voyage en train<\/p>\n","protected":false},"author":3,"featured_media":0,"parent":0,"menu_order":0,"comment_status":"closed","ping_status":"closed","template":"","meta":{"footnotes":""},"class_list":["post-617","page","type-page","status-publish","hentry"],"rttpg_featured_image_url":null,"rttpg_author":{"display_name":"Jean-Raymond GUILLAUME","author_link":"https:\/\/minirailnantais.fr\/index.php\/author\/superviseur\/"},"rttpg_comment":0,"rttpg_category":"","rttpg_excerpt":"Ce r\u00e9seau repr\u00e9sente la gare du Croisic avec ses marais salants ainsi qu&rsquo;un embranchement sur un silo \u00e0 grain. Ces modules ont particip\u00e9 \u00e0 plusieurs expositions dont celle organis\u00e9e par le Mus\u00e9e d&rsquo;Arts de Nantes : Les expositions Le Voyage en train","_links":{"self":[{"href":"https:\/\/minirailnantais.fr\/index.php\/wp-json\/wp\/v2\/pages\/617","targetHints":{"allow":["GET"]}}],"collection":[{"href":"https:\/\/minirailnantais.fr\/index.php\/wp-json\/wp\/v2\/pages"}],"about":[{"href":"https:\/\/minirailnantais.fr\/index.php\/wp-json\/wp\/v2\/types\/page"}],"author":[{"embeddable":true,"href":"https:\/\/minirailnantais.fr\/index.php\/wp-json\/wp\/v2\/users\/3"}],"replies":[{"embeddable":true,"href":"https:\/\/minirailnantais.fr\/index.php\/wp-json\/wp\/v2\/comments?post=617"}],"version-history":[{"count":4,"href":"https:\/\/minirailnantais.fr\/index.php\/wp-json\/wp\/v2\/pages\/617\/revisions"}],"predecessor-version":[{"id":721,"href":"https:\/\/minirailnantais.fr\/index.php\/wp-json\/wp\/v2\/pages\/617\/revisions\/721"}],"wp:attachment":[{"href":"https:\/\/minirailnantais.fr\/index.php\/wp-json\/wp\/v2\/media?parent=617"}],"curies":[{"name":"wp","href":"https:\/\/api.w.org\/{rel}","templated":true}]}}