{"id":622,"date":"2024-09-07T17:29:06","date_gmt":"2024-09-07T15:29:06","guid":{"rendered":"https:\/\/minirailnantais.fr\/?page_id=622"},"modified":"2024-09-12T19:56:31","modified_gmt":"2024-09-12T17:56:31","slug":"la-petite-ceinture","status":"publish","type":"page","link":"https:\/\/minirailnantais.fr\/index.php\/la-petite-ceinture\/","title":{"rendered":"La petite ceinture"},"content":{"rendered":"\n<p>La Petite Ceinture&nbsp;est construite sur les fortifications de Paris et l\u2019ouverture des tron\u00e7ons s\u2019\u00e9tale entre 1852 et 1869. C\u2019est une sorte de p\u00e9riph\u00e9rique ferroviaire de 23 km.<\/p>\n\n\n\n<p>Le trafic est ouvert aux voyageurs et marchandises&nbsp;; le service voyageur a cess\u00e9 en 1934.<\/p>\n\n\n\n<p>Dans le cadre d\u2019un projet national, le Mini Rail Nantais a d\u00e9cid\u00e9 de restituer la gare de Vaugirard dans les ann\u00e9es 30. Le b\u00e2timent voyageurs existant toujours, utilis\u00e9 \u00e0 d\u2019autres fonctions, nous avons fait des recherches historiques pour retrouver les \u00e9l\u00e9ments manquants. &nbsp;Deux d\u00e9placements \u00e0 Paris nous ont permis de faire de nombreuses photos et mesurer tout ce qui \u00e9tait possible.<\/p>\n\n\n\n<p>Pour le mat\u00e9riel roulant, nous avons reconstruit les voitures voyageurs introuvables dans le commerce. Nous avons donc reconstitu\u00e9 le lieu en 1930 avec l\u2019implantation r\u00e9elle des environs.<\/p>\n\n\n\n<figure class=\"wp-block-image size-full\"><img loading=\"lazy\" decoding=\"async\" width=\"600\" height=\"800\" src=\"https:\/\/minirailnantais.fr\/wp-content\/uploads\/2024\/09\/La-Petite-ceinture.jpg\" alt=\"\" class=\"wp-image-683\" srcset=\"https:\/\/minirailnantais.fr\/wp-content\/uploads\/2024\/09\/La-Petite-ceinture.jpg 600w, https:\/\/minirailnantais.fr\/wp-content\/uploads\/2024\/09\/La-Petite-ceinture-225x300.jpg 225w\" sizes=\"auto, (max-width: 600px) 100vw, 600px\" \/><\/figure>\n\n\n<style type='text\/css' media='all'>#rt-tpg-container-2909723086 .rt-holder .rt-woo-info .price{color:#0367bf;}body .rt-tpg-container .rt-tpg-isotope-buttons .selected,\n\t\t\t\t\t#rt-tpg-container-2909723086 .layout12 .rt-holder:hover .rt-detail,\n\t\t\t\t\t#rt-tpg-container-2909723086 .isotope8 .rt-holder:hover .rt-detail,\n\t\t\t\t\t#rt-tpg-container-2909723086 .carousel8 .rt-holder:hover .rt-detail,\n\t\t\t\t\t#rt-tpg-container-2909723086 .layout13 .rt-holder .overlay .post-info,\n\t\t\t\t\t#rt-tpg-container-2909723086 .isotope9 .rt-holder .overlay .post-info,\n\t\t\t\t\t#rt-tpg-container-2909723086.rt-tpg-container .layout4 .rt-holder .rt-detail,\n\t\t\t\t\t.rt-modal-2909723086 .md-content,\n\t\t\t\t\t.rt-modal-2909723086 .md-content > .rt-md-content-holder .rt-md-content,\n\t\t\t\t\t.rt-popup-wrap-2909723086.rt-popup-wrap .rt-popup-navigation-wrap,\n\t\t\t\t\t#rt-tpg-container-2909723086 .carousel9 .rt-holder .overlay .post-info{background-color:#0367bf;}#rt-tpg-container-2909723086 .layout5 .rt-holder .overlay, #rt-tpg-container-2909723086 .isotope2 .rt-holder .overlay, #rt-tpg-container-2909723086 .carousel2 .rt-holder .overlay,#rt-tpg-container-2909723086 .layout15 .rt-holder h3, #rt-tpg-container-2909723086 .isotope11 .rt-holder h3, #rt-tpg-container-2909723086 .carousel11 .rt-holder h3, #rt-tpg-container-2909723086 .layout16 .rt-holder h3,\n\t\t\t\t\t#rt-tpg-container-2909723086 .isotope12 .rt-holder h3, #rt-tpg-container-2909723086 .carousel12 .rt-holder h3 {background-color:rgba(3,103,191,0.8);}#rt-tpg-container-2909723086 .read-more a{border-radius:px;}#rt-tpg-container-2909723086 .rt-img-holder img.rt-img-responsive,#rt-tpg-container-2909723086 .rt-img-holder,\n\t\t\t\t\t#rt-tpg-container-2909723086 .rt-post-overlay .post-img,\n\t\t\t\t\t#rt-tpg-container-2909723086 .post-sm .post-img,\n\t\t\t\t\t#rt-tpg-container-2909723086 .rt-post-grid .post-img,\n\t\t\t\t\t#rt-tpg-container-2909723086 .post-img img {border-radius:px;}<\/style><div class='rt-container-fluid rt-tpg-container tpg-shortcode-main-wrapper ' id='rt-tpg-container-2909723086'   data-layout='layout1' data-grid-style='even' data-desktop-col='2'  data-tab-col='2'  data-mobile-col='1' data-sc-id='681'><div class=\"tpg-widget-heading-wrapper heading-style1 \"><span class=\"tpg-widget-heading-line line-left\"><\/span><h2 class=\"tpg-widget-heading\">La Petite Ceinture<\/h2><span class=\"tpg-widget-heading-line\"><\/span><\/div><div data-title='Loading ...' class='rt-row rt-content-loader   layout1 tpg-even '><div class=\"rt-col-md-6 rt-col-sm-6 rt-col-xs-12 even-grid-item rt-grid-item\" data-id=\"673\"><div class=\"rt-holder\"><div class='rt-detail'><h3 class=\"entry-title\"><a data-id=\"673\" class=\"\" href=\"https:\/\/minirailnantais.fr\/index.php\/2024\/09\/12\/la-petite-ceinture-dans-son-ensemble\/\">La petite Ceinture dans son ensemble.<\/a><\/h3><div class='post-meta-user  '><span class='date'><i class='far fa-calendar-alt '><\/i>12 septembre 2024<\/span><span class='categories-links'><i class='fas fa-folder-open '><\/i><a class=\"petite-ceinture\" href=\"https:\/\/minirailnantais.fr\/index.php\/category\/petite-ceinture\/\" rel=\"tag\">Petite ceinture<\/a><\/span><\/div><div class='tpg-excerpt'>La vue dans son ensemble du module Vaugirard Des vues plus en d\u00e9tail...<\/div><div class='post-meta '><span class='read-more'><a data-id='673' class='' href='https:\/\/minirailnantais.fr\/index.php\/2024\/09\/12\/la-petite-ceinture-dans-son-ensemble\/'>Lirela suite<\/a><\/span><\/div><\/div><\/div><\/div><\/div><\/div>\n","protected":false},"excerpt":{"rendered":"<p>La Petite Ceinture&nbsp;est construite sur les fortifications de Paris et l\u2019ouverture des tron\u00e7ons s\u2019\u00e9tale entre 1852 et 1869. C\u2019est une sorte de p\u00e9riph\u00e9rique ferroviaire de 23 km. Le trafic est ouvert aux voyageurs et marchandises&nbsp;; le service voyageur a cess\u00e9 en 1934. Dans le cadre d\u2019un projet national, le Mini Rail Nantais a d\u00e9cid\u00e9 de &hellip; <\/p>\n<p class=\"link-more\"><a href=\"https:\/\/minirailnantais.fr\/index.php\/2024\/09\/12\/la-petite-ceinture-dans-son-ensemble\/\" class=\"more-link\">Continuer la lecture<span class=\"screen-reader-text\"> de &laquo;&nbsp;La petite Ceinture dans son ensemble.&nbsp;&raquo;<\/span><\/a><\/p>\n","protected":false},"author":2,"featured_media":0,"parent":0,"menu_order":0,"comment_status":"closed","ping_status":"closed","template":"","meta":{"footnotes":""},"class_list":["post-622","page","type-page","status-publish","hentry"],"rttpg_featured_image_url":null,"rttpg_author":{"display_name":"Pascal MARQUET","author_link":"https:\/\/minirailnantais.fr\/index.php\/author\/pascal-marquet\/"},"rttpg_comment":0,"rttpg_category":"","rttpg_excerpt":"La Petite Ceinture&nbsp;est construite sur les fortifications de Paris et l\u2019ouverture des tron\u00e7ons s\u2019\u00e9tale entre 1852 et 1869. C\u2019est une sorte de p\u00e9riph\u00e9rique ferroviaire de 23 km. Le trafic est ouvert aux voyageurs et marchandises&nbsp;; le service voyageur a cess\u00e9 en 1934. Dans le cadre d\u2019un projet national, le Mini Rail Nantais a d\u00e9cid\u00e9 de\u2026","_links":{"self":[{"href":"https:\/\/minirailnantais.fr\/index.php\/wp-json\/wp\/v2\/pages\/622","targetHints":{"allow":["GET"]}}],"collection":[{"href":"https:\/\/minirailnantais.fr\/index.php\/wp-json\/wp\/v2\/pages"}],"about":[{"href":"https:\/\/minirailnantais.fr\/index.php\/wp-json\/wp\/v2\/types\/page"}],"author":[{"embeddable":true,"href":"https:\/\/minirailnantais.fr\/index.php\/wp-json\/wp\/v2\/users\/2"}],"replies":[{"embeddable":true,"href":"https:\/\/minirailnantais.fr\/index.php\/wp-json\/wp\/v2\/comments?post=622"}],"version-history":[{"count":11,"href":"https:\/\/minirailnantais.fr\/index.php\/wp-json\/wp\/v2\/pages\/622\/revisions"}],"predecessor-version":[{"id":688,"href":"https:\/\/minirailnantais.fr\/index.php\/wp-json\/wp\/v2\/pages\/622\/revisions\/688"}],"wp:attachment":[{"href":"https:\/\/minirailnantais.fr\/index.php\/wp-json\/wp\/v2\/media?parent=622"}],"curies":[{"name":"wp","href":"https:\/\/api.w.org\/{rel}","templated":true}]}}