{"id":739,"date":"2024-09-26T13:23:45","date_gmt":"2024-09-26T11:23:45","guid":{"rendered":"https:\/\/minirailnantais.fr\/?page_id=739"},"modified":"2024-09-28T14:06:26","modified_gmt":"2024-09-28T12:06:26","slug":"les-modules-individuels","status":"publish","type":"page","link":"https:\/\/minirailnantais.fr\/index.php\/les-modules-individuels\/","title":{"rendered":"Les modules individuels"},"content":{"rendered":"\n<p>A son arriv\u00e9e dans le club, chaque junior est invit\u00e9 \u00e0 construire un  module de 40 X 60 cm qui lui appartient.<br>Chacun d\u00e9cide son th\u00e8me et va pouvoir s\u2019initier aux pratiques du mod\u00e9lisme ferroviaire&nbsp;; menuiserie, pose de la voie, cr\u00e9ation d\u2019un relief, d\u00e9cor, \u00e9lectricit\u00e9\u2026<\/p>\n\n\n\n<p>Les modules ont des interfaces normalis\u00e9es de fa\u00e7on \u00e0 pouvoir se raccorder entre eux.<\/p>\n\n\n<style type='text\/css' media='all'>#rt-tpg-container-3002092625 .rt-holder .rt-woo-info .price{color:#0367bf;}body .rt-tpg-container .rt-tpg-isotope-buttons .selected,\n\t\t\t\t\t#rt-tpg-container-3002092625 .layout12 .rt-holder:hover .rt-detail,\n\t\t\t\t\t#rt-tpg-container-3002092625 .isotope8 .rt-holder:hover .rt-detail,\n\t\t\t\t\t#rt-tpg-container-3002092625 .carousel8 .rt-holder:hover .rt-detail,\n\t\t\t\t\t#rt-tpg-container-3002092625 .layout13 .rt-holder .overlay .post-info,\n\t\t\t\t\t#rt-tpg-container-3002092625 .isotope9 .rt-holder .overlay .post-info,\n\t\t\t\t\t#rt-tpg-container-3002092625.rt-tpg-container .layout4 .rt-holder .rt-detail,\n\t\t\t\t\t.rt-modal-3002092625 .md-content,\n\t\t\t\t\t.rt-modal-3002092625 .md-content > .rt-md-content-holder .rt-md-content,\n\t\t\t\t\t.rt-popup-wrap-3002092625.rt-popup-wrap .rt-popup-navigation-wrap,\n\t\t\t\t\t#rt-tpg-container-3002092625 .carousel9 .rt-holder .overlay .post-info{background-color:#0367bf;}#rt-tpg-container-3002092625 .layout5 .rt-holder .overlay, #rt-tpg-container-3002092625 .isotope2 .rt-holder .overlay, #rt-tpg-container-3002092625 .carousel2 .rt-holder .overlay,#rt-tpg-container-3002092625 .layout15 .rt-holder h3, #rt-tpg-container-3002092625 .isotope11 .rt-holder h3, #rt-tpg-container-3002092625 .carousel11 .rt-holder h3, #rt-tpg-container-3002092625 .layout16 .rt-holder h3,\n\t\t\t\t\t#rt-tpg-container-3002092625 .isotope12 .rt-holder h3, #rt-tpg-container-3002092625 .carousel12 .rt-holder h3 {background-color:rgba(3,103,191,0.8);}#rt-tpg-container-3002092625 .read-more a{border-radius:px;}#rt-tpg-container-3002092625 .rt-img-holder img.rt-img-responsive,#rt-tpg-container-3002092625 .rt-img-holder,\n\t\t\t\t\t#rt-tpg-container-3002092625 .rt-post-overlay .post-img,\n\t\t\t\t\t#rt-tpg-container-3002092625 .post-sm .post-img,\n\t\t\t\t\t#rt-tpg-container-3002092625 .rt-post-grid .post-img,\n\t\t\t\t\t#rt-tpg-container-3002092625 .post-img img {border-radius:px;}<\/style><div class='rt-container-fluid rt-tpg-container tpg-shortcode-main-wrapper ' id='rt-tpg-container-3002092625'   data-layout='layout1' data-grid-style='even' data-desktop-col='2'  data-tab-col='2'  data-mobile-col='1' data-sc-id='757'><div class=\"tpg-widget-heading-wrapper heading-style1 \"><span class=\"tpg-widget-heading-line line-left\"><\/span><h2 class=\"tpg-widget-heading\">Modules individuels<\/h2><span class=\"tpg-widget-heading-line\"><\/span><\/div><div data-title='Loading ...' class='rt-row rt-content-loader   layout1 tpg-even '><div class=\"rt-col-md-6 rt-col-sm-6 rt-col-xs-12 even-grid-item rt-grid-item\" data-id=\"795\"><div class=\"rt-holder\"><div class='rt-detail'><h3 class=\"entry-title\"><a data-id=\"795\" class=\"\" href=\"https:\/\/minirailnantais.fr\/index.php\/2024\/10\/10\/les-modules-juniors\/\">Les modules Juniors<\/a><\/h3><div class='post-meta-user  '><span class='date'><i class='far fa-calendar-alt '><\/i>10 octobre 2024<\/span><span class='categories-links'><i class='fas fa-folder-open '><\/i><a class=\"modules-individuels\" href=\"https:\/\/minirailnantais.fr\/index.php\/category\/modules-juniors\/modules-individuels\/\" rel=\"tag\">Modules individuels<\/a><\/span><\/div><div class='tpg-excerpt'>Quelques images des r\u00e9alisations en cours pour cette ann\u00e9e 2024 Et quand on a fini...<\/div><div class='post-meta '><span class='read-more'><a data-id='795' class='' href='https:\/\/minirailnantais.fr\/index.php\/2024\/10\/10\/les-modules-juniors\/'>Lire la suite<\/a><\/span><\/div><\/div><\/div><\/div><div class=\"rt-col-md-6 rt-col-sm-6 rt-col-xs-12 even-grid-item rt-grid-item\" data-id=\"738\"><div class=\"rt-holder\"><div class='rt-detail'><h3 class=\"entry-title\"><a data-id=\"738\" class=\"\" href=\"https:\/\/minirailnantais.fr\/index.php\/2024\/09\/14\/modules-individuels-le-14-septembre-2024\/\">Modules individuels le 14 septembre 2024<\/a><\/h3><div class='post-meta-user  '><span class='date'><i class='far fa-calendar-alt '><\/i>14 septembre 2024<\/span><span class='categories-links'><i class='fas fa-folder-open '><\/i><a class=\"modules-individuels\" href=\"https:\/\/minirailnantais.fr\/index.php\/category\/modules-juniors\/modules-individuels\/\" rel=\"tag\">Modules individuels<\/a><\/span><\/div><div class='tpg-excerpt'>Lors de la r\u00e9union de rent\u00e9e, les juniors ont \u00e9t\u00e9 invit\u00e9s \u00e0 pr\u00e9senter leurs r\u00e9alisations...<\/div><div class='post-meta '><span class='read-more'><a data-id='738' class='' href='https:\/\/minirailnantais.fr\/index.php\/2024\/09\/14\/modules-individuels-le-14-septembre-2024\/'>Lire la suite<\/a><\/span><\/div><\/div><\/div><\/div><\/div><\/div>\n","protected":false},"excerpt":{"rendered":"<p>A son arriv\u00e9e dans le club, chaque junior est invit\u00e9 \u00e0 construire un module de 40 X 60 cm qui lui appartient.Chacun d\u00e9cide son th\u00e8me et va pouvoir s\u2019initier aux pratiques du mod\u00e9lisme ferroviaire&nbsp;; menuiserie, pose de la voie, cr\u00e9ation d\u2019un relief, d\u00e9cor, \u00e9lectricit\u00e9\u2026 Les modules ont des interfaces normalis\u00e9es de fa\u00e7on \u00e0 pouvoir se &hellip; <\/p>\n<p class=\"link-more\"><a href=\"https:\/\/minirailnantais.fr\/index.php\/2024\/09\/14\/modules-individuels-le-14-septembre-2024\/\" class=\"more-link\">Continuer la lecture<span class=\"screen-reader-text\"> de &laquo;&nbsp;Modules individuels le 14 septembre 2024&nbsp;&raquo;<\/span><\/a><\/p>\n","protected":false},"author":3,"featured_media":0,"parent":0,"menu_order":0,"comment_status":"closed","ping_status":"closed","template":"","meta":{"footnotes":""},"class_list":["post-739","page","type-page","status-publish","hentry"],"rttpg_featured_image_url":null,"rttpg_author":{"display_name":"Jean-Raymond GUILLAUME","author_link":"https:\/\/minirailnantais.fr\/index.php\/author\/superviseur\/"},"rttpg_comment":0,"rttpg_category":"","rttpg_excerpt":"A son arriv\u00e9e dans le club, chaque junior est invit\u00e9 \u00e0 construire un module de 40 X 60 cm qui lui appartient.Chacun d\u00e9cide son th\u00e8me et va pouvoir s\u2019initier aux pratiques du mod\u00e9lisme ferroviaire&nbsp;; menuiserie, pose de la voie, cr\u00e9ation d\u2019un relief, d\u00e9cor, \u00e9lectricit\u00e9\u2026 Les modules ont des interfaces normalis\u00e9es de fa\u00e7on \u00e0 pouvoir se\u2026","_links":{"self":[{"href":"https:\/\/minirailnantais.fr\/index.php\/wp-json\/wp\/v2\/pages\/739","targetHints":{"allow":["GET"]}}],"collection":[{"href":"https:\/\/minirailnantais.fr\/index.php\/wp-json\/wp\/v2\/pages"}],"about":[{"href":"https:\/\/minirailnantais.fr\/index.php\/wp-json\/wp\/v2\/types\/page"}],"author":[{"embeddable":true,"href":"https:\/\/minirailnantais.fr\/index.php\/wp-json\/wp\/v2\/users\/3"}],"replies":[{"embeddable":true,"href":"https:\/\/minirailnantais.fr\/index.php\/wp-json\/wp\/v2\/comments?post=739"}],"version-history":[{"count":10,"href":"https:\/\/minirailnantais.fr\/index.php\/wp-json\/wp\/v2\/pages\/739\/revisions"}],"predecessor-version":[{"id":769,"href":"https:\/\/minirailnantais.fr\/index.php\/wp-json\/wp\/v2\/pages\/739\/revisions\/769"}],"wp:attachment":[{"href":"https:\/\/minirailnantais.fr\/index.php\/wp-json\/wp\/v2\/media?parent=739"}],"curies":[{"name":"wp","href":"https:\/\/api.w.org\/{rel}","templated":true}]}}