{"id":8,"date":"2024-06-17T10:50:01","date_gmt":"2024-06-17T08:50:01","guid":{"rendered":"http:\/\/minirailnantais.fr\/?page_id=8"},"modified":"2024-06-17T16:42:14","modified_gmt":"2024-06-17T14:42:14","slug":"acces-horaires","status":"publish","type":"page","link":"https:\/\/minirailnantais.fr\/index.php\/acces-horaires\/","title":{"rendered":"Acc\u00e8s &#8211; Horaires"},"content":{"rendered":"\n<h2 class=\"wp-block-heading\">Acc\u00e8s<\/h2>\n\n\n\n<p><strong>Mini Rail Nantais<\/strong><br>20 rue St M\u00e9dard 44300 NANTES<\/p>\n\n\n<p><iframe loading=\"lazy\" width=\"425\" height=\"350\" src=\"https:\/\/www.openstreetmap.org\/export\/embed.html?bbox=-1.500264108181%2C47.23457159007273%2C-1.4967235922813418%2C47.23609410459413&amp;layer=mapnik\" style=\"border: 1px solid black\"><\/iframe><br \/><small><a href=\"https:\/\/www.openstreetmap.org\/#map=19\/47.23533\/-1.49849\">Afficher une carte plus grande<\/a><\/small><\/p>\n\n\n\n<h2 class=\"wp-block-heading\">Horaires<\/h2>\n\n\n\n<p>Samedi de 14h15 \u00e0 17h30<\/p>\n","protected":false},"excerpt":{"rendered":"<p>Acc\u00e8s Mini Rail Nantais20 rue St M\u00e9dard 44300 NANTES Horaires Samedi de 14h15 \u00e0 17h30<\/p>\n","protected":false},"author":3,"featured_media":0,"parent":0,"menu_order":0,"comment_status":"closed","ping_status":"closed","template":"","meta":{"footnotes":""},"class_list":["post-8","page","type-page","status-publish","hentry"],"rttpg_featured_image_url":null,"rttpg_author":{"display_name":"Jean-Raymond GUILLAUME","author_link":"https:\/\/minirailnantais.fr\/index.php\/author\/superviseur\/"},"rttpg_comment":0,"rttpg_category":null,"rttpg_excerpt":"Acc\u00e8s Mini Rail Nantais20 rue St M\u00e9dard 44300 NANTES Horaires Samedi de 14h15 \u00e0 17h30","_links":{"self":[{"href":"https:\/\/minirailnantais.fr\/index.php\/wp-json\/wp\/v2\/pages\/8","targetHints":{"allow":["GET"]}}],"collection":[{"href":"https:\/\/minirailnantais.fr\/index.php\/wp-json\/wp\/v2\/pages"}],"about":[{"href":"https:\/\/minirailnantais.fr\/index.php\/wp-json\/wp\/v2\/types\/page"}],"author":[{"embeddable":true,"href":"https:\/\/minirailnantais.fr\/index.php\/wp-json\/wp\/v2\/users\/3"}],"replies":[{"embeddable":true,"href":"https:\/\/minirailnantais.fr\/index.php\/wp-json\/wp\/v2\/comments?post=8"}],"version-history":[{"count":4,"href":"https:\/\/minirailnantais.fr\/index.php\/wp-json\/wp\/v2\/pages\/8\/revisions"}],"predecessor-version":[{"id":142,"href":"https:\/\/minirailnantais.fr\/index.php\/wp-json\/wp\/v2\/pages\/8\/revisions\/142"}],"wp:attachment":[{"href":"https:\/\/minirailnantais.fr\/index.php\/wp-json\/wp\/v2\/media?parent=8"}],"curies":[{"name":"wp","href":"https:\/\/api.w.org\/{rel}","templated":true}]}}