{"id":80,"date":"2024-06-17T11:32:03","date_gmt":"2024-06-17T09:32:03","guid":{"rendered":"http:\/\/minirailnantais.fr\/?page_id=80"},"modified":"2024-09-16T17:41:54","modified_gmt":"2024-09-16T15:41:54","slug":"sainte-pazanne","status":"publish","type":"page","link":"https:\/\/minirailnantais.fr\/index.php\/sainte-pazanne\/","title":{"rendered":"Sainte Pazanne"},"content":{"rendered":"\n<p>Initi\u00e9 en 2015 \u00e0 l&rsquo;initiative de Christian SALMON, le projet de reproduction de la gare de Sainte Pazanne a rapidement vu Yves LOIZEAU le rejoindre pour les d\u00e9cors, suivi en 2019 par Jean-Raymond GUILLAUME pour la partie informatique. Jo\u00ebl FOURNOL a lui aussi apport\u00e9 ses connaissances et son aide pr\u00e9cieuse dans la r\u00e9alisation du montage \u00e9lectrique.<br>Christian a  r\u00e9alis\u00e9 les plans du r\u00e9seau en utilisant ses connaissances sous Autocad.<\/p>\n\n\n\n<figure class=\"wp-block-image size-full\"><img loading=\"lazy\" decoding=\"async\" width=\"800\" height=\"600\" src=\"https:\/\/minirailnantais.fr\/wp-content\/uploads\/2024\/09\/Sainte-Pazanne.jpg\" alt=\"\" class=\"wp-image-711\" srcset=\"https:\/\/minirailnantais.fr\/wp-content\/uploads\/2024\/09\/Sainte-Pazanne.jpg 800w, https:\/\/minirailnantais.fr\/wp-content\/uploads\/2024\/09\/Sainte-Pazanne-300x225.jpg 300w, https:\/\/minirailnantais.fr\/wp-content\/uploads\/2024\/09\/Sainte-Pazanne-768x576.jpg 768w\" sizes=\"auto, (max-width: 706px) 89vw, (max-width: 767px) 82vw, 740px\" \/><\/figure>\n\n\n<style type='text\/css' media='all'>#rt-tpg-container-3003859205 .rt-holder .rt-woo-info .price{color:#0367bf;}body .rt-tpg-container .rt-tpg-isotope-buttons .selected,\n\t\t\t\t\t#rt-tpg-container-3003859205 .layout12 .rt-holder:hover .rt-detail,\n\t\t\t\t\t#rt-tpg-container-3003859205 .isotope8 .rt-holder:hover .rt-detail,\n\t\t\t\t\t#rt-tpg-container-3003859205 .carousel8 .rt-holder:hover .rt-detail,\n\t\t\t\t\t#rt-tpg-container-3003859205 .layout13 .rt-holder .overlay .post-info,\n\t\t\t\t\t#rt-tpg-container-3003859205 .isotope9 .rt-holder .overlay .post-info,\n\t\t\t\t\t#rt-tpg-container-3003859205.rt-tpg-container .layout4 .rt-holder .rt-detail,\n\t\t\t\t\t.rt-modal-3003859205 .md-content,\n\t\t\t\t\t.rt-modal-3003859205 .md-content > .rt-md-content-holder .rt-md-content,\n\t\t\t\t\t.rt-popup-wrap-3003859205.rt-popup-wrap .rt-popup-navigation-wrap,\n\t\t\t\t\t#rt-tpg-container-3003859205 .carousel9 .rt-holder .overlay .post-info{background-color:#0367bf;}#rt-tpg-container-3003859205 .layout5 .rt-holder .overlay, #rt-tpg-container-3003859205 .isotope2 .rt-holder .overlay, #rt-tpg-container-3003859205 .carousel2 .rt-holder .overlay,#rt-tpg-container-3003859205 .layout15 .rt-holder h3, #rt-tpg-container-3003859205 .isotope11 .rt-holder h3, #rt-tpg-container-3003859205 .carousel11 .rt-holder h3, #rt-tpg-container-3003859205 .layout16 .rt-holder h3,\n\t\t\t\t\t#rt-tpg-container-3003859205 .isotope12 .rt-holder h3, #rt-tpg-container-3003859205 .carousel12 .rt-holder h3 {background-color:rgba(3,103,191,0.8);}#rt-tpg-container-3003859205 .read-more a{border-radius:px;}#rt-tpg-container-3003859205 .rt-img-holder img.rt-img-responsive,#rt-tpg-container-3003859205 .rt-img-holder,\n\t\t\t\t\t#rt-tpg-container-3003859205 .rt-post-overlay .post-img,\n\t\t\t\t\t#rt-tpg-container-3003859205 .post-sm .post-img,\n\t\t\t\t\t#rt-tpg-container-3003859205 .rt-post-grid .post-img,\n\t\t\t\t\t#rt-tpg-container-3003859205 .post-img img {border-radius:px;}#rt-tpg-container-3003859205 .layout1 .rt-holder h2.entry-title,\n\t\t\t\t\t#rt-tpg-container-3003859205 .layout1 .rt-holder h3.entry-title,\n\t\t\t\t\t#rt-tpg-container-3003859205 .layout1 .rt-holder h4.entry-title,\n\t\t\t\t\t#rt-tpg-container-3003859205 .layout1 .rt-holder h2.entry-title a,\n\t\t\t\t\t#rt-tpg-container-3003859205 .layout1 .rt-holder h3.entry-title a,\n\t\t\t\t\t#rt-tpg-container-3003859205 .layout1 .rt-holder h4.entry-title a,\n\t\t\t\t\t#rt-tpg-container-3003859205 .rt-holder .rt-woo-info h2 a,\n\t\t\t\t\t#rt-tpg-container-3003859205 .rt-holder .rt-woo-info h3 a,\n\t\t\t\t\t#rt-tpg-container-3003859205 .rt-holder .rt-woo-info h4 a,\n\t\t\t\t\t#rt-tpg-container-3003859205 .post-content .post-title,\n\t\t\t\t\t#rt-tpg-container-3003859205 .rt-post-grid .post-title,\n\t\t\t\t\t#rt-tpg-container-3003859205 .rt-post-grid .post-title a,\n\t\t\t\t\t#rt-tpg-container-3003859205 .post-content .post-title a,\n\t\t\t\t\t#rt-tpg-container-3003859205 .rt-holder .rt-woo-info h2,\n\t\t\t\t\t#rt-tpg-container-3003859205 .rt-holder .rt-woo-info h3,\n\t\t\t\t\t#rt-tpg-container-3003859205 .rt-holder .rt-woo-info h4{font-size:19px;line-height:29px;font-weight:bold;}#rt-tpg-container-3003859205 .post-grid-lg-style-1 .post-title,\n\t\t\t\t\t\t#rt-tpg-container-3003859205 .post-grid-lg-style-1 .post-title a,\n\t\t\t\t\t\t#rt-tpg-container-3003859205 .big-layout .post-title,\n\t\t\t\t\t\t#rt-tpg-container-3003859205 .big-layout .post-title a,\n\t\t\t\t\t\t#rt-tpg-container-3003859205 .post-grid-lg-style-1 .post-title,\n\t\t\t\t\t\t#rt-tpg-container-3003859205 .post-grid-lg-style-1 .post-title a {font-size:27px;line-height:37px;}<\/style><div class='rt-container-fluid rt-tpg-container tpg-shortcode-main-wrapper ' id='rt-tpg-container-3003859205'   data-layout='layout1' data-grid-style='even' data-desktop-col='2'  data-tab-col='2'  data-mobile-col='1' data-sc-id='395'><div class=\"tpg-widget-heading-wrapper heading-style1 \"><span class=\"tpg-widget-heading-line line-left\"><\/span><h2 class=\"tpg-widget-heading\">Sainte Pazanne (\u00c9chelle N -1\/160)<\/h2><span class=\"tpg-widget-heading-line\"><\/span><\/div><div data-title='Loading ...' class='rt-row rt-content-loader   layout1 tpg-even '><div class=\"rt-col-md-6 rt-col-sm-6 rt-col-xs-12 even-grid-item rt-grid-item\" data-id=\"384\"><div class=\"rt-holder\"><div class='rt-detail'><h3 class=\"entry-title\"><a data-id=\"384\" class=\"\" href=\"https:\/\/minirailnantais.fr\/index.php\/2024\/06\/24\/samedi-22-juin\/\">Samedi 22 juin<\/a><\/h3><div class='post-meta-user  '><span class='date'><i class='far fa-calendar-alt '><\/i>24 juin 2024<\/span><span class='categories-links'><i class='fas fa-folder-open '><\/i><a class=\"sainte-pazanne\" href=\"https:\/\/minirailnantais.fr\/index.php\/category\/reseau-en-travaux\/sainte-pazanne\/\" rel=\"tag\">Sainte Pazanne<\/a><\/span><\/div><div class='tpg-excerpt'>Yves travaille sur la cr\u00e9ation des quais de la gare...<\/div><div class='post-meta '><span class='read-more'><a data-id='384' class='' href='https:\/\/minirailnantais.fr\/index.php\/2024\/06\/24\/samedi-22-juin\/'>Lire la suite<\/a><\/span><\/div><\/div><\/div><\/div><div class=\"rt-col-md-6 rt-col-sm-6 rt-col-xs-12 even-grid-item rt-grid-item\" data-id=\"813\"><div class=\"rt-holder\"><div class='rt-detail'><h3 class=\"entry-title\"><a data-id=\"813\" class=\"\" href=\"https:\/\/minirailnantais.fr\/index.php\/2024\/11\/12\/sainte-pazanne\/\">Sainte-Pazanne 11\/2024<\/a><\/h3><div class='post-meta-user  '><span class='date'><i class='far fa-calendar-alt '><\/i>12 novembre 2024<\/span><span class='categories-links'><i class='fas fa-folder-open '><\/i><a class=\"sainte-pazanne\" href=\"https:\/\/minirailnantais.fr\/index.php\/category\/reseau-en-travaux\/sainte-pazanne\/\" rel=\"tag\">Sainte Pazanne<\/a><\/span><\/div><div class='tpg-excerpt'>Nouvelle \u00e9tape dans la r\u00e9alisation de Sainte-Pazanne : Que la lumi\u00e8re soit!...<\/div><div class='post-meta '><span class='read-more'><a data-id='813' class='' href='https:\/\/minirailnantais.fr\/index.php\/2024\/11\/12\/sainte-pazanne\/'>Lire la suite<\/a><\/span><\/div><\/div><\/div><\/div><div class=\"rt-col-md-6 rt-col-sm-6 rt-col-xs-12 even-grid-item rt-grid-item\" data-id=\"565\"><div class=\"rt-holder\"><div class='rt-detail'><h3 class=\"entry-title\"><a data-id=\"565\" class=\"\" href=\"https:\/\/minirailnantais.fr\/index.php\/2012\/11\/27\/realisation-des-modules\/\">Sainte-Pazanne : R\u00e9alisation des modules<\/a><\/h3><div class='post-meta-user  '><span class='date'><i class='far fa-calendar-alt '><\/i>27 novembre 2012<\/span><span class='categories-links'><i class='fas fa-folder-open '><\/i><a class=\"sainte-pazanne\" href=\"https:\/\/minirailnantais.fr\/index.php\/category\/reseau-en-travaux\/sainte-pazanne\/\" rel=\"tag\">Sainte Pazanne<\/a><\/span><\/div><div class='tpg-excerpt'>A partir des plans r\u00e9alis\u00e9s par Christian, l&rsquo;\u00e9quipe a entrepris la r\u00e9alisation des cinq modules...<\/div><div class='post-meta '><span class='read-more'><a data-id='565' class='' href='https:\/\/minirailnantais.fr\/index.php\/2012\/11\/27\/realisation-des-modules\/'>Lire la suite<\/a><\/span><\/div><\/div><\/div><\/div><\/div><\/div>\n","protected":false},"excerpt":{"rendered":"<p>Initi\u00e9 en 2015 \u00e0 l&rsquo;initiative de Christian SALMON, le projet de reproduction de la gare de Sainte Pazanne a rapidement vu Yves LOIZEAU le rejoindre pour les d\u00e9cors, suivi en 2019 par Jean-Raymond GUILLAUME pour la partie informatique. Jo\u00ebl FOURNOL a lui aussi apport\u00e9 ses connaissances et son aide pr\u00e9cieuse dans la r\u00e9alisation du montage &hellip; <\/p>\n<p class=\"link-more\"><a href=\"https:\/\/minirailnantais.fr\/index.php\/2012\/11\/27\/realisation-des-modules\/\" class=\"more-link\">Continuer la lecture<span class=\"screen-reader-text\"> de &laquo;&nbsp;Sainte-Pazanne : R\u00e9alisation des modules&nbsp;&raquo;<\/span><\/a><\/p>\n","protected":false},"author":3,"featured_media":0,"parent":0,"menu_order":0,"comment_status":"closed","ping_status":"closed","template":"","meta":{"footnotes":""},"class_list":["post-80","page","type-page","status-publish","hentry"],"rttpg_featured_image_url":null,"rttpg_author":{"display_name":"Jean-Raymond GUILLAUME","author_link":"https:\/\/minirailnantais.fr\/index.php\/author\/superviseur\/"},"rttpg_comment":0,"rttpg_category":"","rttpg_excerpt":"Initi\u00e9 en 2015 \u00e0 l&rsquo;initiative de Christian SALMON, le projet de reproduction de la gare de Sainte Pazanne a rapidement vu Yves LOIZEAU le rejoindre pour les d\u00e9cors, suivi en 2019 par Jean-Raymond GUILLAUME pour la partie informatique. Jo\u00ebl FOURNOL a lui aussi apport\u00e9 ses connaissances et son aide pr\u00e9cieuse dans la r\u00e9alisation du montage\u2026","_links":{"self":[{"href":"https:\/\/minirailnantais.fr\/index.php\/wp-json\/wp\/v2\/pages\/80","targetHints":{"allow":["GET"]}}],"collection":[{"href":"https:\/\/minirailnantais.fr\/index.php\/wp-json\/wp\/v2\/pages"}],"about":[{"href":"https:\/\/minirailnantais.fr\/index.php\/wp-json\/wp\/v2\/types\/page"}],"author":[{"embeddable":true,"href":"https:\/\/minirailnantais.fr\/index.php\/wp-json\/wp\/v2\/users\/3"}],"replies":[{"embeddable":true,"href":"https:\/\/minirailnantais.fr\/index.php\/wp-json\/wp\/v2\/comments?post=80"}],"version-history":[{"count":5,"href":"https:\/\/minirailnantais.fr\/index.php\/wp-json\/wp\/v2\/pages\/80\/revisions"}],"predecessor-version":[{"id":712,"href":"https:\/\/minirailnantais.fr\/index.php\/wp-json\/wp\/v2\/pages\/80\/revisions\/712"}],"wp:attachment":[{"href":"https:\/\/minirailnantais.fr\/index.php\/wp-json\/wp\/v2\/media?parent=80"}],"curies":[{"name":"wp","href":"https:\/\/api.w.org\/{rel}","templated":true}]}}