{"id":849,"date":"2024-11-23T15:33:09","date_gmt":"2024-11-23T14:33:09","guid":{"rendered":"https:\/\/minirailnantais.fr\/?page_id=849"},"modified":"2025-05-03T14:54:56","modified_gmt":"2025-05-03T12:54:56","slug":"multimedias","status":"publish","type":"page","link":"https:\/\/minirailnantais.fr\/index.php\/multimedias\/","title":{"rendered":"Multim\u00e9dias"},"content":{"rendered":"\n<p>La nouvelle cha\u00eene youtube du Mini Rail Nantais : <a href=\"https:\/\/youtube.com\/@minirailnantais?si=ZYihhPeiz2D9pF_h\" target=\"_blank\" rel=\"noreferrer noopener\">Mini Rail Nantais<\/a><\/p>\n\n\n\n<p>Vid\u00e9os de Mars 2025 R\u00e9seau de Jacques LOUVET : <a href=\"https:\/\/www.youtube.com\/watch?v=hnP7r99iCLM\" target=\"_blank\" rel=\"noreferrer noopener\">AYEUR SUR MER<\/a> et <a href=\"https:\/\/telenantes.ouest-france.fr\/lactu\/article\/la-passion-des-trains\">La passion des trains<\/a> sur la seconde vid\u00e9o du site<\/p>\n\n\n\n<p>Vid\u00e9o de Juin 2023 : <a href=\"https:\/\/youtu.be\/tKGT47nQo8M\">Philbru Production<\/a><\/p>\n\n\n\n<p>Vid\u00e9o de Septembre 2019 sur le r\u00e9seau Chantenay : <a href=\"https:\/\/www.youtube.com\/watch?v=-japJPvbYQQ\" target=\"_blank\" rel=\"noreferrer noopener\">Aiguillages<\/a><\/p>\n\n\n\n<p>Vid\u00e9o de F\u00e9vrier 2018 sur le r\u00e9seau Chantenay : <a href=\"https:\/\/www.youtube.com\/watch?v=HMYRI-5oz58\" target=\"_blank\" rel=\"noreferrer noopener\">Le train de Jules<\/a><\/p>\n\n\n\n<p>Vid\u00e9o de Septembre 2015 sur le r\u00e9seau Chantenay : <a href=\"https:\/\/www.youtube.com\/watch?v=CjEXfwuGLIo\">West Trains<\/a><\/p>\n\n\n\n<p><\/p>\n","protected":false},"excerpt":{"rendered":"<p>La nouvelle cha\u00eene youtube du Mini Rail Nantais : Mini Rail Nantais Vid\u00e9os de Mars 2025 R\u00e9seau de Jacques LOUVET : AYEUR SUR MER et La passion des trains sur la seconde vid\u00e9o du site Vid\u00e9o de Juin 2023 : Philbru Production Vid\u00e9o de Septembre 2019 sur le r\u00e9seau Chantenay : Aiguillages Vid\u00e9o de F\u00e9vrier &hellip; <\/p>\n<p class=\"link-more\"><a href=\"https:\/\/minirailnantais.fr\/index.php\/multimedias\/\" class=\"more-link\">Continuer la lecture<span class=\"screen-reader-text\"> de &laquo;&nbsp;Multim\u00e9dias&nbsp;&raquo;<\/span><\/a><\/p>\n","protected":false},"author":2,"featured_media":0,"parent":0,"menu_order":0,"comment_status":"closed","ping_status":"closed","template":"","meta":{"footnotes":""},"class_list":["post-849","page","type-page","status-publish","hentry"],"rttpg_featured_image_url":null,"rttpg_author":{"display_name":"Pascal MARQUET","author_link":"https:\/\/minirailnantais.fr\/index.php\/author\/pascal-marquet\/"},"rttpg_comment":0,"rttpg_category":null,"rttpg_excerpt":"La nouvelle cha\u00eene youtube du Mini Rail Nantais : Mini Rail Nantais Vid\u00e9os de Mars 2025 R\u00e9seau de Jacques LOUVET : AYEUR SUR MER et La passion des trains sur la seconde vid\u00e9o du site Vid\u00e9o de Juin 2023 : Philbru Production Vid\u00e9o de Septembre 2019 sur le r\u00e9seau Chantenay : Aiguillages Vid\u00e9o de F\u00e9vrier\u2026","_links":{"self":[{"href":"https:\/\/minirailnantais.fr\/index.php\/wp-json\/wp\/v2\/pages\/849","targetHints":{"allow":["GET"]}}],"collection":[{"href":"https:\/\/minirailnantais.fr\/index.php\/wp-json\/wp\/v2\/pages"}],"about":[{"href":"https:\/\/minirailnantais.fr\/index.php\/wp-json\/wp\/v2\/types\/page"}],"author":[{"embeddable":true,"href":"https:\/\/minirailnantais.fr\/index.php\/wp-json\/wp\/v2\/users\/2"}],"replies":[{"embeddable":true,"href":"https:\/\/minirailnantais.fr\/index.php\/wp-json\/wp\/v2\/comments?post=849"}],"version-history":[{"count":29,"href":"https:\/\/minirailnantais.fr\/index.php\/wp-json\/wp\/v2\/pages\/849\/revisions"}],"predecessor-version":[{"id":1066,"href":"https:\/\/minirailnantais.fr\/index.php\/wp-json\/wp\/v2\/pages\/849\/revisions\/1066"}],"wp:attachment":[{"href":"https:\/\/minirailnantais.fr\/index.php\/wp-json\/wp\/v2\/media?parent=849"}],"curies":[{"name":"wp","href":"https:\/\/api.w.org\/{rel}","templated":true}]}}